{"id":183,"date":"2024-04-11T09:43:09","date_gmt":"2024-04-11T09:43:09","guid":{"rendered":"https:\/\/valorvigente.pt\/candidaturas\/?page_id=183"},"modified":"2025-02-28T11:28:27","modified_gmt":"2025-02-28T11:28:27","slug":"politica-de-privacidade-portugues","status":"publish","type":"page","link":"https:\/\/valorvigente.pt\/candidaturas\/politica-de-privacidade-portugues\/","title":{"rendered":"Pol\u00edtica de Privacidade Portugu\u00eas"},"content":{"rendered":"\t\t<div data-elementor-type=\"wp-page\" data-elementor-id=\"183\" class=\"elementor elementor-183\" data-elementor-post-type=\"page\">\n\t\t\t\t<div class=\"elementor-element elementor-element-5db67b5 e-con-full animated-slow e-flex elementor-invisible e-con e-parent\" data-id=\"5db67b5\" data-element_type=\"container\" data-settings=\"{&quot;background_background&quot;:&quot;classic&quot;,&quot;animation&quot;:&quot;fadeIn&quot;}\" data-core-v316-plus=\"true\">\n\t\t\t\t<div class=\"elementor-element elementor-element-dcaf18f elementor-widget elementor-widget-spacer\" data-id=\"dcaf18f\" data-element_type=\"widget\" data-widget_type=\"spacer.default\">\n\t\t\t\t<div class=\"elementor-widget-container\">\n\t\t\t<style>\/*! elementor - v3.20.0 - 10-04-2024 *\/\n.elementor-column .elementor-spacer-inner{height:var(--spacer-size)}.e-con{--container-widget-width:100%}.e-con-inner>.elementor-widget-spacer,.e-con>.elementor-widget-spacer{width:var(--container-widget-width,var(--spacer-size));--align-self:var(--container-widget-align-self,initial);--flex-shrink:0}.e-con-inner>.elementor-widget-spacer>.elementor-widget-container,.e-con>.elementor-widget-spacer>.elementor-widget-container{height:100%;width:100%}.e-con-inner>.elementor-widget-spacer>.elementor-widget-container>.elementor-spacer,.e-con>.elementor-widget-spacer>.elementor-widget-container>.elementor-spacer{height:100%}.e-con-inner>.elementor-widget-spacer>.elementor-widget-container>.elementor-spacer>.elementor-spacer-inner,.e-con>.elementor-widget-spacer>.elementor-widget-container>.elementor-spacer>.elementor-spacer-inner{height:var(--container-widget-height,var(--spacer-size))}.e-con-inner>.elementor-widget-spacer.elementor-widget-empty,.e-con>.elementor-widget-spacer.elementor-widget-empty{position:relative;min-height:22px;min-width:22px}.e-con-inner>.elementor-widget-spacer.elementor-widget-empty .elementor-widget-empty-icon,.e-con>.elementor-widget-spacer.elementor-widget-empty .elementor-widget-empty-icon{position:absolute;top:0;bottom:0;left:0;right:0;margin:auto;padding:0;width:22px;height:22px}<\/style>\t\t<div class=\"elementor-spacer\">\n\t\t\t<div class=\"elementor-spacer-inner\"><\/div>\n\t\t<\/div>\n\t\t\t\t<\/div>\n\t\t\t\t<\/div>\n\t\t\t\t<\/div>\n\t\t<div class=\"elementor-element elementor-element-a3e0b81 e-con-full animated-slow e-flex elementor-invisible e-con e-parent\" data-id=\"a3e0b81\" data-element_type=\"container\" data-settings=\"{&quot;background_background&quot;:&quot;classic&quot;,&quot;animation&quot;:&quot;fadeIn&quot;}\" data-core-v316-plus=\"true\">\n\t\t<div class=\"elementor-element elementor-element-5cd1d65 e-flex e-con-boxed e-con e-child\" data-id=\"5cd1d65\" data-element_type=\"container\">\n\t\t\t\t\t<div class=\"e-con-inner\">\n\t\t\t\t<div class=\"elementor-element elementor-element-aa6325a animated-slow elementor-invisible elementor-widget elementor-widget-image\" data-id=\"aa6325a\" data-element_type=\"widget\" data-settings=\"{&quot;_animation&quot;:&quot;fadeIn&quot;,&quot;_animation_delay&quot;:200}\" data-widget_type=\"image.default\">\n\t\t\t\t<div class=\"elementor-widget-container\">\n\t\t\t<style>\/*! elementor - v3.20.0 - 10-04-2024 *\/\n.elementor-widget-image{text-align:center}.elementor-widget-image a{display:inline-block}.elementor-widget-image a img[src$=\".svg\"]{width:48px}.elementor-widget-image img{vertical-align:middle;display:inline-block}<\/style>\t\t\t\t\t\t\t\t\t\t\t<a href=\"https:\/\/valorvigente.pt\/candidaturas\/recrutamento-english\/\">\n\t\t\t\t\t\t\t<img decoding=\"async\" width=\"250\" height=\"137\" src=\"https:\/\/valorvigente.pt\/candidaturas\/wp-content\/uploads\/2024\/04\/bt-en.png\" class=\"elementor-animation-shrink attachment-full size-full wp-image-156\" alt=\"\" \/>\t\t\t\t\t\t\t\t<\/a>\n\t\t\t\t\t\t\t\t\t\t\t\t\t<\/div>\n\t\t\t\t<\/div>\n\t\t\t\t<div class=\"elementor-element elementor-element-b117d41 animated-slow elementor-invisible elementor-widget elementor-widget-image\" data-id=\"b117d41\" data-element_type=\"widget\" data-settings=\"{&quot;_animation&quot;:&quot;fadeIn&quot;,&quot;_animation_delay&quot;:200}\" data-widget_type=\"image.default\">\n\t\t\t\t<div class=\"elementor-widget-container\">\n\t\t\t\t\t\t\t\t\t\t\t\t\t\t<a href=\"https:\/\/valorvigente.pt\/candidaturas\/recrutamento-portugues\/\">\n\t\t\t\t\t\t\t<img decoding=\"async\" width=\"250\" height=\"136\" src=\"https:\/\/valorvigente.pt\/candidaturas\/wp-content\/uploads\/2024\/04\/bt-pt.png\" class=\"elementor-animation-shrink attachment-large size-large wp-image-157\" alt=\"\" \/>\t\t\t\t\t\t\t\t<\/a>\n\t\t\t\t\t\t\t\t\t\t\t\t\t<\/div>\n\t\t\t\t<\/div>\n\t\t\t\t\t<\/div>\n\t\t\t\t<\/div>\n\t\t<div class=\"elementor-element elementor-element-b97810b e-flex e-con-boxed e-con e-child\" data-id=\"b97810b\" data-element_type=\"container\">\n\t\t\t\t\t<div class=\"e-con-inner\">\n\t\t\t\t<div class=\"elementor-element elementor-element-bbd84c1 animated-slow elementor-invisible elementor-widget elementor-widget-image\" data-id=\"bbd84c1\" data-element_type=\"widget\" data-settings=\"{&quot;_animation&quot;:&quot;fadeIn&quot;,&quot;_animation_delay&quot;:300}\" data-widget_type=\"image.default\">\n\t\t\t\t<div class=\"elementor-widget-container\">\n\t\t\t\t\t\t\t\t\t\t\t\t\t<img fetchpriority=\"high\" decoding=\"async\" width=\"1024\" height=\"1024\" src=\"https:\/\/valorvigente.pt\/candidaturas\/wp-content\/uploads\/2024\/04\/logo-vigente.svg\" class=\"attachment-large size-large wp-image-145\" alt=\"\" \/>\t\t\t\t\t\t\t\t\t\t\t\t\t<\/div>\n\t\t\t\t<\/div>\n\t\t\t\t<div class=\"elementor-element elementor-element-179c8bc elementor-align-center animated-slow elementor-invisible elementor-widget elementor-widget-button\" data-id=\"179c8bc\" data-element_type=\"widget\" data-settings=\"{&quot;_animation&quot;:&quot;fadeIn&quot;,&quot;_animation_delay&quot;:200}\" data-widget_type=\"button.default\">\n\t\t\t\t<div class=\"elementor-widget-container\">\n\t\t\t\t\t<div class=\"elementor-button-wrapper\">\n\t\t\t<a class=\"elementor-button elementor-button-link elementor-size-sm\" href=\"https:\/\/valorvigente.pt\/candidaturas\/recrutamento-portugues\/\">\n\t\t\t\t\t\t<span class=\"elementor-button-content-wrapper\">\n\t\t\t\t\t\t<span class=\"elementor-button-text\">Voltar \u00e0 p\u00e1gina principal<\/span>\n\t\t<\/span>\n\t\t\t\t\t<\/a>\n\t\t<\/div>\n\t\t\t\t<\/div>\n\t\t\t\t<\/div>\n\t\t\t\t\t<\/div>\n\t\t\t\t<\/div>\n\t\t\t\t<\/div>\n\t\t<div class=\"elementor-element elementor-element-1f24b82 animated-slow e-flex e-con-boxed elementor-invisible e-con e-parent\" data-id=\"1f24b82\" data-element_type=\"container\" data-settings=\"{&quot;animation&quot;:&quot;fadeIn&quot;}\" data-core-v316-plus=\"true\">\n\t\t\t\t\t<div class=\"e-con-inner\">\n\t\t\t\t<div class=\"elementor-element elementor-element-491fd37 elementor-widget elementor-widget-heading\" data-id=\"491fd37\" data-element_type=\"widget\" data-widget_type=\"heading.default\">\n\t\t\t\t<div class=\"elementor-widget-container\">\n\t\t\t<style>\/*! elementor - v3.20.0 - 10-04-2024 *\/\n.elementor-heading-title{padding:0;margin:0;line-height:1}.elementor-widget-heading .elementor-heading-title[class*=elementor-size-]>a{color:inherit;font-size:inherit;line-height:inherit}.elementor-widget-heading .elementor-heading-title.elementor-size-small{font-size:15px}.elementor-widget-heading .elementor-heading-title.elementor-size-medium{font-size:19px}.elementor-widget-heading .elementor-heading-title.elementor-size-large{font-size:29px}.elementor-widget-heading .elementor-heading-title.elementor-size-xl{font-size:39px}.elementor-widget-heading .elementor-heading-title.elementor-size-xxl{font-size:59px}<\/style><h2 class=\"elementor-heading-title elementor-size-default\">Pol\u00edtica de Privacidade<\/h2>\t\t<\/div>\n\t\t\t\t<\/div>\n\t\t\t\t<div class=\"elementor-element elementor-element-6d4bdaf elementor-widget elementor-widget-text-editor\" data-id=\"6d4bdaf\" data-element_type=\"widget\" data-widget_type=\"text-editor.default\">\n\t\t\t\t<div class=\"elementor-widget-container\">\n\t\t\t<style>\/*! elementor - v3.20.0 - 10-04-2024 *\/\n.elementor-widget-text-editor.elementor-drop-cap-view-stacked .elementor-drop-cap{background-color:#69727d;color:#fff}.elementor-widget-text-editor.elementor-drop-cap-view-framed .elementor-drop-cap{color:#69727d;border:3px solid;background-color:transparent}.elementor-widget-text-editor:not(.elementor-drop-cap-view-default) .elementor-drop-cap{margin-top:8px}.elementor-widget-text-editor:not(.elementor-drop-cap-view-default) .elementor-drop-cap-letter{width:1em;height:1em}.elementor-widget-text-editor .elementor-drop-cap{float:left;text-align:center;line-height:1;font-size:50px}.elementor-widget-text-editor .elementor-drop-cap-letter{display:inline-block}<\/style>\t\t\t\t<p style=\"font-weight: 400;\"><strong>Declara\u00e7\u00e3o de Recolha de Dados Pessoais para fins de Recrutamento<\/strong><\/p>\t\t\t\t\t\t<\/div>\n\t\t\t\t<\/div>\n\t\t\t\t<div class=\"elementor-element elementor-element-dc73801 elementor-widget elementor-widget-text-editor\" data-id=\"dc73801\" data-element_type=\"widget\" data-widget_type=\"text-editor.default\">\n\t\t\t\t<div class=\"elementor-widget-container\">\n\t\t\t\t\t\t\t<div class=\"wpb_text_column wpb_content_element vc_custom_1620850778515\"><div class=\"wpb_wrapper\"><p><strong>1. Finalidade de recolha de dados pessoais<\/strong><\/p><p style=\"font-weight: 400;\">Os dados pessoais recolhidos pela entidade, mediante o presente pedido, destinam-se para apreciar se os candidatos est\u00e3o adequados ao lugar pedido e para o c\u00e1lculo preliminar de remunera\u00e7\u00f5es, b\u00f3nus e regalias dos candidatos que forem admitidos no recrutamento.<\/p><p><strong>2. Dados necess\u00e1rios a facultar<\/strong><\/p><p style=\"font-weight: 400;\">Os dados preenchidos nos campos com Nome, Contribuinte, Benefici\u00e1rio, dados de identifica\u00e7\u00e3o e contactos do pedido s\u00e3o dados essenciais na pondera\u00e7\u00e3o da sele\u00e7\u00e3o de candidatos, que poder\u00e3o afetar a efici\u00eancia e o resultado do respetivo pedido, caso os candidatos n\u00e3o os facultem.<\/p><p><strong>3. Prazo de conserva\u00e7\u00e3o de dados<\/strong><\/p><p style=\"font-weight: 400;\">Os dados pessoais dos candidatos n\u00e3o adequados ser\u00e3o conservados pela entidade por um per\u00edodo de dois anos, para efeitos de recrutamentos posteriores.<\/p><p><strong>4. Transfer\u00eancia de dados<\/strong><\/p><p style=\"font-weight: 400;\">Os pedidos de candidatos poder\u00e3o ser transferidos pela entidade para as suas pr\u00f3prias depend\u00eancias ou para as entidades do cons\u00f3rcio, em que se encontram vagas de trabalho durante o per\u00edodo acima referido.<\/p><p><strong>5. Direitos dos candidatos<\/strong><\/p><p style=\"font-weight: 400;\">Os candidatos gozem, em conformidade com a lei, dos direitos de acesso, retifica\u00e7\u00e3o e cancelamento da informa\u00e7\u00e3o, devendo, para o efeito, apresentar por escrito o pedido ao respons\u00e1vel da entidade atrav\u00e9s do email <strong>info@vvigente.pt<\/strong>, indicando claramente a sua inten\u00e7\u00e3o, nome completo, morada e n\u00famero de contribuinte.<\/p><\/div><p>VALOR VIGENTE<br \/>TRABALHO TEMPOR\u00c1RIO, LDA.<br \/>NIF 510830170<\/p><p>Rua do Douro, 4 A \u2013 Cruz de Pau<br \/>2845-094 Amora Lisboa<br \/>Portugal<\/p><\/div>\t\t\t\t\t\t<\/div>\n\t\t\t\t<\/div>\n\t\t\t\t<div class=\"elementor-element elementor-element-4f1e197 animated-slow elementor-invisible elementor-widget elementor-widget-heading\" data-id=\"4f1e197\" data-element_type=\"widget\" data-settings=\"{&quot;_animation&quot;:&quot;fadeIn&quot;}\" data-widget_type=\"heading.default\">\n\t\t\t\t<div class=\"elementor-widget-container\">\n\t\t\t<h2 class=\"elementor-heading-title elementor-size-default\">\u00c1reas de Emprego<\/h2>\t\t<\/div>\n\t\t\t\t<\/div>\n\t\t\t\t\t<\/div>\n\t\t\t\t<\/div>\n\t\t<div class=\"elementor-element elementor-element-c340345 animated-slow e-flex e-con-boxed elementor-invisible e-con e-parent\" data-id=\"c340345\" data-element_type=\"container\" data-settings=\"{&quot;animation&quot;:&quot;fadeIn&quot;,&quot;animation_delay&quot;:300}\" data-core-v316-plus=\"true\">\n\t\t\t\t\t<div class=\"e-con-inner\">\n\t\t\t\t<div class=\"elementor-element elementor-element-d085c6b elementor-pagination-position-outside elementor-widget elementor-widget-image-carousel\" data-id=\"d085c6b\" data-element_type=\"widget\" data-settings=\"{&quot;slides_to_show&quot;:&quot;4&quot;,&quot;navigation&quot;:&quot;dots&quot;,&quot;image_spacing_custom&quot;:{&quot;unit&quot;:&quot;px&quot;,&quot;size&quot;:25,&quot;sizes&quot;:[]},&quot;autoplay&quot;:&quot;yes&quot;,&quot;pause_on_hover&quot;:&quot;yes&quot;,&quot;pause_on_interaction&quot;:&quot;yes&quot;,&quot;autoplay_speed&quot;:5000,&quot;infinite&quot;:&quot;yes&quot;,&quot;speed&quot;:500,&quot;image_spacing_custom_tablet&quot;:{&quot;unit&quot;:&quot;px&quot;,&quot;size&quot;:&quot;&quot;,&quot;sizes&quot;:[]},&quot;image_spacing_custom_mobile&quot;:{&quot;unit&quot;:&quot;px&quot;,&quot;size&quot;:&quot;&quot;,&quot;sizes&quot;:[]}}\" data-widget_type=\"image-carousel.default\">\n\t\t\t\t<div class=\"elementor-widget-container\">\n\t\t\t<style>\/*! elementor - v3.20.0 - 10-04-2024 *\/\n.elementor-widget-image-carousel .swiper,.elementor-widget-image-carousel .swiper-container{position:static}.elementor-widget-image-carousel .swiper-container .swiper-slide figure,.elementor-widget-image-carousel .swiper .swiper-slide figure{line-height:inherit}.elementor-widget-image-carousel .swiper-slide{text-align:center}.elementor-image-carousel-wrapper:not(.swiper-container-initialized):not(.swiper-initialized) .swiper-slide{max-width:calc(100% \/ var(--e-image-carousel-slides-to-show, 3))}<\/style>\t\t<div class=\"elementor-image-carousel-wrapper swiper\" dir=\"ltr\">\n\t\t\t<div class=\"elementor-image-carousel swiper-wrapper\" aria-live=\"off\">\n\t\t\t\t\t\t\t\t<div class=\"swiper-slide\" role=\"group\" aria-roledescription=\"slide\" aria-label=\"1 of 4\"><figure class=\"swiper-slide-inner\"><img decoding=\"async\" class=\"swiper-slide-image\" src=\"https:\/\/valorvigente.pt\/candidaturas\/wp-content\/uploads\/2024\/04\/supervisao-hotel.png\" alt=\"supervisao-hotel\" \/><\/figure><\/div><div class=\"swiper-slide\" role=\"group\" aria-roledescription=\"slide\" aria-label=\"2 of 4\"><figure class=\"swiper-slide-inner\"><img decoding=\"async\" class=\"swiper-slide-image\" src=\"https:\/\/valorvigente.pt\/candidaturas\/wp-content\/uploads\/2024\/04\/camareira-hotel.png\" alt=\"camareira-hotel\" \/><\/figure><\/div><div class=\"swiper-slide\" role=\"group\" aria-roledescription=\"slide\" aria-label=\"3 of 4\"><figure class=\"swiper-slide-inner\"><img decoding=\"async\" class=\"swiper-slide-image\" src=\"https:\/\/valorvigente.pt\/candidaturas\/wp-content\/uploads\/2024\/04\/encarregado-construcao.png\" alt=\"encarregado-construcao\" \/><\/figure><\/div><div class=\"swiper-slide\" role=\"group\" aria-roledescription=\"slide\" aria-label=\"4 of 4\"><figure class=\"swiper-slide-inner\"><img decoding=\"async\" class=\"swiper-slide-image\" src=\"https:\/\/valorvigente.pt\/candidaturas\/wp-content\/uploads\/2024\/04\/servente-construcao.png\" alt=\"servente-construcao\" \/><\/figure><\/div>\t\t\t<\/div>\n\t\t\t\t\t\t\t\n\t\t\t\t\t\t\t\t\t<div class=\"swiper-pagination\"><\/div>\n\t\t\t\t\t\t\t\t\t<\/div>\n\t\t\t\t<\/div>\n\t\t\t\t<\/div>\n\t\t\t\t\t<\/div>\n\t\t\t\t<\/div>\n\t\t<div class=\"elementor-element elementor-element-1affe7c e-con-full animated-slow e-flex elementor-invisible e-con e-parent\" data-id=\"1affe7c\" data-element_type=\"container\" data-settings=\"{&quot;background_background&quot;:&quot;gradient&quot;,&quot;animation&quot;:&quot;fadeIn&quot;}\" data-core-v316-plus=\"true\">\n\t\t\t\t<div class=\"elementor-element elementor-element-835ab0c elementor-align-center animated-slow elementor-invisible elementor-widget elementor-widget-button\" data-id=\"835ab0c\" data-element_type=\"widget\" data-settings=\"{&quot;_animation&quot;:&quot;fadeIn&quot;,&quot;_animation_delay&quot;:200}\" data-widget_type=\"button.default\">\n\t\t\t\t<div class=\"elementor-widget-container\">\n\t\t\t\t\t<div class=\"elementor-button-wrapper\">\n\t\t\t<a class=\"elementor-button elementor-button-link elementor-size-sm\" href=\"https:\/\/srwcloud.ddns.net:8032\">\n\t\t\t\t\t\t<span class=\"elementor-button-content-wrapper\">\n\t\t\t\t\t\t<span class=\"elementor-button-text\">Registar no Portal<\/span>\n\t\t<\/span>\n\t\t\t\t\t<\/a>\n\t\t<\/div>\n\t\t\t\t<\/div>\n\t\t\t\t<\/div>\n\t\t\t\t<div class=\"elementor-element elementor-element-e465432 animated-slow elementor-invisible elementor-widget elementor-widget-heading\" data-id=\"e465432\" data-element_type=\"widget\" data-settings=\"{&quot;_animation&quot;:&quot;fadeIn&quot;,&quot;_animation_delay&quot;:400}\" data-widget_type=\"heading.default\">\n\t\t\t\t<div class=\"elementor-widget-container\">\n\t\t\t<h2 class=\"elementor-heading-title elementor-size-default\">Vai ser reedirecionado para a nossa p\u00e1gina de registo.<\/h2>\t\t<\/div>\n\t\t\t\t<\/div>\n\t\t\t\t<\/div>\n\t\t<div class=\"elementor-element elementor-element-4d9e6d2 e-con-full animated-slow e-flex elementor-invisible e-con e-parent\" data-id=\"4d9e6d2\" data-element_type=\"container\" data-settings=\"{&quot;background_background&quot;:&quot;classic&quot;,&quot;animation&quot;:&quot;fadeIn&quot;}\" data-core-v316-plus=\"true\">\n\t\t\t\t<div class=\"elementor-element elementor-element-cf7856c elementor-widget elementor-widget-heading\" data-id=\"cf7856c\" data-element_type=\"widget\" data-widget_type=\"heading.default\">\n\t\t\t\t<div class=\"elementor-widget-container\">\n\t\t\t<h2 class=\"elementor-heading-title elementor-size-default\">Necessita de ajuda?<\/h2>\t\t<\/div>\n\t\t\t\t<\/div>\n\t\t\t\t<div class=\"elementor-element elementor-element-237be86 elementor-widget elementor-widget-text-editor\" data-id=\"237be86\" data-element_type=\"widget\" data-widget_type=\"text-editor.default\">\n\t\t\t\t<div class=\"elementor-widget-container\">\n\t\t\t\t\t\t\t<p>Caso n\u00e3o consiga fazer o seu registo no nosso Portal, entre em contacto com o nosso apoio a cliente para podermos ajudar no seu processo. Utilize os contactos em baixo.<\/p>\t\t\t\t\t\t<\/div>\n\t\t\t\t<\/div>\n\t\t\t\t<div class=\"elementor-element elementor-element-c91ab43 elementor-widget elementor-widget-image\" data-id=\"c91ab43\" data-element_type=\"widget\" data-widget_type=\"image.default\">\n\t\t\t\t<div class=\"elementor-widget-container\">\n\t\t\t\t\t\t\t\t\t\t\t\t\t\t<a href=\"mailto:hotelaria.lisboa@valorvigente.pt\">\n\t\t\t\t\t\t\t<img loading=\"lazy\" decoding=\"async\" width=\"1024\" height=\"143\" src=\"https:\/\/valorvigente.pt\/candidaturas\/wp-content\/uploads\/2024\/04\/botao-email-1024x143.png\" class=\"attachment-large size-large wp-image-135\" alt=\"\" srcset=\"https:\/\/valorvigente.pt\/candidaturas\/wp-content\/uploads\/2024\/04\/botao-email-1024x143.png 1024w, https:\/\/valorvigente.pt\/candidaturas\/wp-content\/uploads\/2024\/04\/botao-email-300x42.png 300w, https:\/\/valorvigente.pt\/candidaturas\/wp-content\/uploads\/2024\/04\/botao-email-768x107.png 768w, https:\/\/valorvigente.pt\/candidaturas\/wp-content\/uploads\/2024\/04\/botao-email-1536x214.png 1536w, https:\/\/valorvigente.pt\/candidaturas\/wp-content\/uploads\/2024\/04\/botao-email.png 1584w\" sizes=\"(max-width: 1024px) 100vw, 1024px\" \/>\t\t\t\t\t\t\t\t<\/a>\n\t\t\t\t\t\t\t\t\t\t\t\t\t<\/div>\n\t\t\t\t<\/div>\n\t\t\t\t<div class=\"elementor-element elementor-element-f59d379 elementor-widget elementor-widget-image\" data-id=\"f59d379\" data-element_type=\"widget\" data-widget_type=\"image.default\">\n\t\t\t\t<div class=\"elementor-widget-container\">\n\t\t\t\t\t\t\t\t\t\t\t\t\t\t<a href=\"tel:+351215835975\">\n\t\t\t\t\t\t\t<img loading=\"lazy\" decoding=\"async\" width=\"816\" height=\"221\" src=\"https:\/\/valorvigente.pt\/candidaturas\/wp-content\/uploads\/2024\/04\/botao-telefone.png\" class=\"attachment-large size-large wp-image-136\" alt=\"\" srcset=\"https:\/\/valorvigente.pt\/candidaturas\/wp-content\/uploads\/2024\/04\/botao-telefone.png 816w, https:\/\/valorvigente.pt\/candidaturas\/wp-content\/uploads\/2024\/04\/botao-telefone-300x81.png 300w, https:\/\/valorvigente.pt\/candidaturas\/wp-content\/uploads\/2024\/04\/botao-telefone-768x208.png 768w\" sizes=\"(max-width: 816px) 100vw, 816px\" \/>\t\t\t\t\t\t\t\t<\/a>\n\t\t\t\t\t\t\t\t\t\t\t\t\t<\/div>\n\t\t\t\t<\/div>\n\t\t\t\t<\/div>\n\t\t<div class=\"elementor-element elementor-element-ec05647 e-con-full animated-slow e-flex elementor-invisible e-con e-parent\" data-id=\"ec05647\" data-element_type=\"container\" data-settings=\"{&quot;background_background&quot;:&quot;classic&quot;,&quot;animation&quot;:&quot;fadeIn&quot;}\" data-core-v316-plus=\"true\">\n\t\t\t\t<div class=\"elementor-element elementor-element-734f574 elementor-widget elementor-widget-text-editor\" data-id=\"734f574\" data-element_type=\"widget\" data-widget_type=\"text-editor.default\">\n\t\t\t\t<div class=\"elementor-widget-container\">\n\t\t\t\t\t\t\tAlameda D. Afonso Henriques, 1 A \u2013 1900-178 Lisboa Portugal\t\t\t\t\t\t<\/div>\n\t\t\t\t<\/div>\n\t\t\t\t<div class=\"elementor-element elementor-element-496554b elementor-widget elementor-widget-text-editor\" data-id=\"496554b\" data-element_type=\"widget\" data-widget_type=\"text-editor.default\">\n\t\t\t\t<div class=\"elementor-widget-container\">\n\t\t\t\t\t\t\t<span style=\"color: #1b75ba;\"><a style=\"color: #1b75ba;\" href=\"https:\/\/valorvigente.pt\/candidaturas\/politica-de-privacidade-portugues\/\">Pol\u00edtica de Privacidade<\/a><\/span>\u00a0 | \u00a0 <span style=\"color: #1b75ba;\"><a style=\"color: #1b75ba;\" href=\"https:\/\/whistleblowersoftware.com\/secure\/canal_denuncia_Valor_Vigente\"target=\"_blank\">Canal de Den\u00fancias<\/a><\/span>\t\t\t\t\t\t<\/div>\n\t\t\t\t<\/div>\n\t\t\t\t<\/div>\n\t\t<div class=\"elementor-element elementor-element-2346ab6 e-con-full animated-slow e-flex elementor-invisible e-con e-parent\" data-id=\"2346ab6\" data-element_type=\"container\" data-settings=\"{&quot;background_background&quot;:&quot;classic&quot;,&quot;animation&quot;:&quot;fadeIn&quot;}\" data-core-v316-plus=\"true\">\n\t\t\t\t<div class=\"elementor-element elementor-element-46ebf6a elementor-widget elementor-widget-text-editor\" data-id=\"46ebf6a\" data-element_type=\"widget\" data-widget_type=\"text-editor.default\">\n\t\t\t\t<div class=\"elementor-widget-container\">\n\t\t\t\t\t\t\t<p>\u00a9 Valor Vigente &#8211; Powered by Slab Agency<\/p>\t\t\t\t\t\t<\/div>\n\t\t\t\t<\/div>\n\t\t\t\t<\/div>\n\t\t\t\t<\/div>\n\t\t","protected":false},"excerpt":{"rendered":"<p>Voltar \u00e0 p\u00e1gina principal Pol\u00edtica de Privacidade Declara\u00e7\u00e3o de Recolha de Dados Pessoais para fins de Recrutamento 1. Finalidade de recolha de dados pessoais Os dados pessoais recolhidos pela entidade, mediante o presente pedido, destinam-se para apreciar se os candidatos est\u00e3o adequados ao lugar pedido e para o c\u00e1lculo preliminar de remunera\u00e7\u00f5es, b\u00f3nus e regalias [&hellip;]<\/p>\n","protected":false},"author":1,"featured_media":0,"parent":0,"menu_order":0,"comment_status":"closed","ping_status":"closed","template":"elementor_canvas","meta":{"inline_featured_image":false,"footnotes":""},"class_list":["post-183","page","type-page","status-publish","hentry"],"_links":{"self":[{"href":"https:\/\/valorvigente.pt\/candidaturas\/wp-json\/wp\/v2\/pages\/183","targetHints":{"allow":["GET"]}}],"collection":[{"href":"https:\/\/valorvigente.pt\/candidaturas\/wp-json\/wp\/v2\/pages"}],"about":[{"href":"https:\/\/valorvigente.pt\/candidaturas\/wp-json\/wp\/v2\/types\/page"}],"author":[{"embeddable":true,"href":"https:\/\/valorvigente.pt\/candidaturas\/wp-json\/wp\/v2\/users\/1"}],"replies":[{"embeddable":true,"href":"https:\/\/valorvigente.pt\/candidaturas\/wp-json\/wp\/v2\/comments?post=183"}],"version-history":[{"count":69,"href":"https:\/\/valorvigente.pt\/candidaturas\/wp-json\/wp\/v2\/pages\/183\/revisions"}],"predecessor-version":[{"id":497,"href":"https:\/\/valorvigente.pt\/candidaturas\/wp-json\/wp\/v2\/pages\/183\/revisions\/497"}],"wp:attachment":[{"href":"https:\/\/valorvigente.pt\/candidaturas\/wp-json\/wp\/v2\/media?parent=183"}],"curies":[{"name":"wp","href":"https:\/\/api.w.org\/{rel}","templated":true}]}}